{"id":378,"date":"2022-03-08T09:12:39","date_gmt":"2022-03-08T09:12:39","guid":{"rendered":"http:\/\/fliesen-lehmann.com\/?page_id=378"},"modified":"2022-03-22T19:59:50","modified_gmt":"2022-03-22T18:59:50","slug":"fliesen-lehmann-fliesenlegermeisterbetrieb-seekirch","status":"publish","type":"page","link":"http:\/\/fliesen-lehmann.com\/","title":{"rendered":"Home"},"content":{"rendered":"\n\n\n[et_pb_section fb_built=&#8220;1&#8243; fullwidth=&#8220;on&#8220; _builder_version=&#8220;4.14.8&#8243; min_height=&#8220;650px&#8220; height=&#8220;650px&#8220; max_height=&#8220;650px&#8220; animation_style=&#8220;slide&#8220; animation_direction=&#8220;top&#8220; animation_intensity_slide=&#8220;2%&#8220; animation_starting_opacity=&#8220;100%&#8220; global_colors_info=&#8220;{}&#8220;][et_pb_fullwidth_header _builder_version=&#8220;4.14.8&#8243; title_font=&#8220;Lato||||||||&#8220; title_font_size=&#8220;60px&#8220; title_line_height=&#8220;1.2em&#8220; content_font=&#8220;||||||||&#8220; content_font_size=&#8220;20px&#8220; content_line_height=&#8220;1.8em&#8220; background_color=&#8220;rgba(255, 255, 255, 0)&#8220; use_background_color_gradient=&#8220;on&#8220; background_color_gradient_start=&#8220;rgba(0,0,0,0.75)&#8220; background_color_gradient_end=&#8220;rgba(0,0,0,0)&#8220; background_color_gradient_direction=&#8220;90deg&#8220; background_color_gradient_overlays_image=&#8220;on&#8220; background_image=&#8220;http:\/\/fliesen-lehmann.com\/wp-content\/uploads\/2022\/03\/Bild_Auto-e1646736995380.jpg&#8220; custom_button_one=&#8220;on&#8220; button_one_text_size=&#8220;18px&#8220; button_one_bg_color=&#8220;#02d002&#8243; button_one_border_width=&#8220;8px&#8220; button_one_border_color=&#8220;#02d002&#8243; button_one_border_radius=&#8220;0px&#8220; button_one_letter_spacing=&#8220;1px&#8220; button_one_font=&#8220;Lato|700|||||||&#8220; button_one_use_icon=&#8220;off&#8220; custom_button_two=&#8220;on&#8220; button_two_text_size=&#8220;18px&#8220; button_two_text_color=&#8220;#353740&#8243; button_two_bg_color=&#8220;#ffffff&#8220; button_two_border_width=&#8220;8px&#8220; button_two_border_color=&#8220;#ffffff&#8220; button_two_border_radius=&#8220;0px&#8220; button_two_letter_spacing=&#8220;1px&#8220; button_two_font=&#8220;Lato|700|||||||&#8220; button_two_use_icon=&#8220;off&#8220; min_height=&#8220;650px&#8220; height=&#8220;650px&#8220; max_height=&#8220;650px&#8220; custom_margin=&#8220;0px||0px||true|&#8220; custom_padding=&#8220;15.1%||15.1%||true|&#8220; button_one_letter_spacing_hover=&#8220;1px&#8220; button_two_letter_spacing_hover=&#8220;1px&#8220; global_colors_info=&#8220;{}&#8220; button_one_text_size__hover_enabled=&#8220;off&#8220; button_two_text_size__hover_enabled=&#8220;off&#8220; button_one_text_color__hover_enabled=&#8220;off&#8220; button_two_text_color__hover_enabled=&#8220;off&#8220; button_one_border_width__hover_enabled=&#8220;off&#8220; button_two_border_width__hover_enabled=&#8220;off&#8220; button_one_border_color__hover_enabled=&#8220;off&#8220; button_two_border_color__hover_enabled=&#8220;off&#8220; button_one_border_radius__hover_enabled=&#8220;off&#8220; button_two_border_radius__hover_enabled=&#8220;off&#8220; button_one_letter_spacing__hover_enabled=&#8220;on&#8220; button_one_letter_spacing__hover=&#8220;1px&#8220; button_two_letter_spacing__hover_enabled=&#8220;on&#8220; button_two_letter_spacing__hover=&#8220;1px&#8220; button_one_bg_color__hover_enabled=&#8220;off&#8220; button_two_bg_color__hover_enabled=&#8220;off&#8220;]<p>&nbsp;<\/p>\n<p>&nbsp;<\/p>[\/et_pb_fullwidth_header][\/et_pb_section][et_pb_section fb_built=&#8220;1&#8243; fullwidth=&#8220;on&#8220; _builder_version=&#8220;4.14.8&#8243; _module_preset=&#8220;default&#8220; min_height=&#8220;150px&#8220; height=&#8220;150px&#8220; max_height=&#8220;150px&#8220; global_colors_info=&#8220;{}&#8220;][et_pb_fullwidth_header _builder_version=&#8220;4.14.8&#8243; _module_preset=&#8220;default&#8220; background_color=&#8220;#000000&#8243; min_height=&#8220;150px&#8220; height=&#8220;150px&#8220; max_height=&#8220;150px&#8220; hover_enabled=&#8220;0&#8243; global_colors_info=&#8220;{}&#8220; sticky_enabled=&#8220;0&#8243;]<p style=\"text-align: center;\">Der Fliesenleger am Federsee &#8211; Fliesenlegermeisterbetrieb &#8211; Fliesen Lehmann &#8211; Sebastian-Sailer-Strasse 6 &#8211; 88422 Seekirch am Federsee<\/p>\n<p style=\"text-align: center;\"><a href=\"http:\/\/www.fliesen-lehmann.com\">www.fliesen-lehmann.com<\/a> &#8211; <a href=\"mailto:%20Fliesenlehmann99@gmx.de\">Fliesenlehmann99@gmx.de<\/a><\/p>[\/et_pb_fullwidth_header][\/et_pb_section][et_pb_section fb_built=&#8220;1&#8243; use_custom_gutter=&#8220;on&#8220; gutter_width=&#8220;1&#8243; specialty=&#8220;on&#8220; padding_top_1=&#8220;0px&#8220; padding_bottom_1=&#8220;0px&#8220; admin_label=&#8220;Image Gallery Section&#8220; module_class=&#8220; et_pb_specialty_fullwidth&#8220; _builder_version=&#8220;4.14.8&#8243; inner_width=&#8220;100%&#8220; inner_width_tablet=&#8220;100%&#8220; inner_width_phone=&#8220;100%&#8220; inner_width_last_edited=&#8220;on|desktop&#8220; inner_max_width=&#8220;100%&#8220; inner_max_width_tablet=&#8220;100%&#8220; inner_max_width_phone=&#8220;100%&#8220; inner_max_width_last_edited=&#8220;on|desktop&#8220; min_height=&#8220;389.5px&#8220; custom_margin=&#8220;-29px||-8px|||&#8220; custom_padding=&#8220;0px|0px|0px|0px&#8220; make_fullwidth=&#8220;on&#8220; global_colors_info=&#8220;{}&#8220;][et_pb_column type=&#8220;1_2&#8243; _builder_version=&#8220;3.25&#8243; custom_padding=&#8220;|||&#8220; global_colors_info=&#8220;{}&#8220; custom_padding__hover=&#8220;|||&#8220;][et_pb_blurb content_max_width=&#8220;559px&#8220; _builder_version=&#8220;4.14.8&#8243; _module_preset=&#8220;default&#8220; width=&#8220;94%&#8220; min_height=&#8220;427.3px&#8220; height=&#8220;300px&#8220; max_height=&#8220;1000px&#8220; custom_margin=&#8220;||-100px|||&#8220; custom_padding=&#8220;0px||26px|||&#8220; global_colors_info=&#8220;{}&#8220;]<p><strong><\/strong><\/p>\n<p><strong>Impressum<\/strong><\/p>\n<p>Kontakt:<\/p>\n<p>Fliesen Lehmann<br \/>Fliesenlegermeisterbetrieb<br \/>Sebastian-Sailer-Str. 6<br \/>88422 Seekirch<\/p>\n<p>Tel: 07582\/9330550<br \/>Fax: 07582\/9330551<br \/>Mobil: 0172 7049544<\/p>\n<p>Fliesenlehmann99@gmx.de<\/p>[\/et_pb_blurb][\/et_pb_column][et_pb_column type=&#8220;1_2&#8243; specialty_columns=&#8220;2&#8243; _builder_version=&#8220;3.25&#8243; custom_padding=&#8220;|||&#8220; global_colors_info=&#8220;{}&#8220; custom_padding__hover=&#8220;|||&#8220;][et_pb_row_inner _builder_version=&#8220;4.14.8&#8243; _module_preset=&#8220;default&#8220; min_height=&#8220;250px&#8220; height=&#8220;250px&#8220; max_height=&#8220;250px&#8220; custom_margin=&#8220;||-41px|||&#8220; custom_padding=&#8220;||40px|||&#8220; global_colors_info=&#8220;{}&#8220;][et_pb_column_inner saved_specialty_column_type=&#8220;1_2&#8243; _builder_version=&#8220;4.14.8&#8243; _module_preset=&#8220;default&#8220; global_colors_info=&#8220;{}&#8220;][et_pb_blurb _builder_version=&#8220;4.14.8&#8243; _module_preset=&#8220;default&#8220; min_height=&#8220;358.1px&#8220; custom_margin=&#8220;-42px|||||&#8220; custom_padding=&#8220;9px||14px|||&#8220; global_colors_info=&#8220;{}&#8220;]<p><strong>Haftungsausschluss:<\/strong><\/p>\n<p>Haftung f\u00fcr Inhalte<\/p>\n<p>Die Inhalte unserer Seiten wurden mit gr\u00f6\u00dfter Sorgfalt erstellt. F\u00fcr die Richtigkeit, Vollst\u00e4ndigkeit und Aktualit\u00e4t der Inhalte k\u00f6nnen wir jedoch keine Gew\u00e4hr \u00fcbernehmen. Als Diensteanbieter sind wir gem\u00e4\u00df \u00a7 7 Abs.1 TMG f\u00fcr eigene Inhalte auf diesen Seiten nach den allgemeinen Gesetzen verantwortlich. Nach \u00a7\u00a7 8 bis 10 TMG sind wir als Diensteanbieter jedoch nicht verpflichtet, \u00fcbermittelte oder gespeicherte fremde Informationen zu \u00fcberwachen oder nach Umst\u00e4nden zu forschen, die auf eine rechtswidrige T\u00e4tigkeit hinweisen. Verpflichtungen zur Entfernung oder Sperrung der Nutzung von Informationen nach den allgemeinen Gesetzen bleiben hiervon unber\u00fchrt. Eine diesbez\u00fcgliche Haftung ist jedoch erst ab dem Zeitpunkt der Kenntnis einer konkreten Rechtsverletzung m\u00f6glich. Bei Bekanntwerden von entsprechenden Rechtsverletzungen werden wir diese Inhalte umgehend entfernen.<\/p>[\/et_pb_blurb][\/et_pb_column_inner][\/et_pb_row_inner][\/et_pb_column][\/et_pb_section][et_pb_section fb_built=&#8220;1&#8243; fullwidth=&#8220;on&#8220; _builder_version=&#8220;4.14.8&#8243; _module_preset=&#8220;default&#8220; min_height=&#8220;100px&#8220; height=&#8220;100px&#8220; max_height=&#8220;100px&#8220; custom_margin=&#8220;||-134px|||&#8220; custom_padding=&#8220;||0px|||&#8220; global_colors_info=&#8220;{}&#8220;][et_pb_fullwidth_header content_max_width=&#8220;1000%&#8220; _builder_version=&#8220;4.14.8&#8243; _module_preset=&#8220;default&#8220; background_color=&#8220;#000000&#8243; min_height=&#8220;100px&#8220; height=&#8220;100px&#8220; max_height=&#8220;100px&#8220; custom_margin=&#8220;6px||-215px|||&#8220; global_colors_info=&#8220;{}&#8220;][\/et_pb_fullwidth_header][\/et_pb_section]\n\n\n","protected":false},"excerpt":{"rendered":"<p>&nbsp; &nbsp;Der Fliesenleger am Federsee &#8211; Fliesenlegermeisterbetrieb &#8211; Fliesen Lehmann &#8211; Sebastian-Sailer-Strasse 6 &#8211; 88422 Seekirch am Federsee www.fliesen-lehmann.com &#8211; Fliesenlehmann99@gmx.de Impressum Kontakt: Fliesen LehmannFliesenlegermeisterbetriebSebastian-Sailer-Str. 688422 Seekirch Tel: 07582\/9330550Fax: 07582\/9330551Mobil: 0172 7049544 Fliesenlehmann99@gmx.deHaftungsausschluss: Haftung f\u00fcr Inhalte Die Inhalte unserer Seiten wurden mit gr\u00f6\u00dfter Sorgfalt erstellt. F\u00fcr die Richtigkeit, Vollst\u00e4ndigkeit und Aktualit\u00e4t der Inhalte k\u00f6nnen wir [&hellip;]<\/p>\n","protected":false},"author":1,"featured_media":0,"parent":0,"menu_order":0,"comment_status":"closed","ping_status":"closed","template":"page-template-blank.php","meta":{"_et_pb_use_builder":"on","_et_pb_old_content":"","_et_gb_content_width":""},"yoast_head":"<!-- This site is optimized with the Yoast SEO plugin v18.4.1 - https:\/\/yoast.com\/wordpress\/plugins\/seo\/ -->\n<title>Home - Fliesen Lehmann - Fliesenlegermeisterbetrieb - Seekirch Fliesen Lehmann - Fliesenlegermeisterbetrieb- Seekirch Fliesen Lehmann - Fliesenlegermeisterbetrieb - Seekirch<\/title>\n<meta name=\"description\" content=\"Fliesen Lehmann Fliesenlegermeisterbetrieb, Federsee, Seekirch, Fliesenfachmann, Fliesenlegenmiester Charly Lehmann, Badsanierung, Renvovierung, Sebastian-Sailer-Str. 6 88422 Seekirch Tel: 07582\/9330550 Fax: 07582\/9330551 Mobil: +49 (0)172 704 9544 eMail: Fliesenlehmann99@gmx.de\" \/>\n<meta name=\"robots\" content=\"index, follow, max-snippet:-1, max-image-preview:large, max-video-preview:-1\" \/>\n<link rel=\"canonical\" href=\"http:\/\/fliesen-lehmann.com\/\" \/>\n<meta property=\"og:locale\" content=\"de_DE\" \/>\n<meta property=\"og:type\" content=\"article\" \/>\n<meta property=\"og:title\" content=\"Home - Fliesen Lehmann - Fliesenlegermeisterbetrieb - Seekirch Fliesen Lehmann - Fliesenlegermeisterbetrieb- Seekirch Fliesen Lehmann - Fliesenlegermeisterbetrieb - Seekirch\" \/>\n<meta property=\"og:description\" content=\"Fliesen Lehmann Fliesenlegermeisterbetrieb, Federsee, Seekirch, Fliesenfachmann, Fliesenlegenmiester Charly Lehmann, Badsanierung, Renvovierung, Sebastian-Sailer-Str. 6 88422 Seekirch Tel: 07582\/9330550 Fax: 07582\/9330551 Mobil: +49 (0)172 704 9544 eMail: Fliesenlehmann99@gmx.de\" \/>\n<meta property=\"og:url\" content=\"http:\/\/fliesen-lehmann.com\/\" \/>\n<meta property=\"og:site_name\" content=\"Fliesen Lehmann - Fliesenlegermeisterbetrieb - Seekirch\" \/>\n<meta property=\"article:modified_time\" content=\"2022-03-22T18:59:50+00:00\" \/>\n<meta name=\"twitter:card\" content=\"summary_large_image\" \/>\n<meta name=\"twitter:label1\" content=\"Gesch\u00e4tzte Lesezeit\" \/>\n\t<meta name=\"twitter:data1\" content=\"2\u00a0Minuten\" \/>\n<script type=\"application\/ld+json\" class=\"yoast-schema-graph\">{\"@context\":\"https:\/\/schema.org\",\"@graph\":[{\"@type\":\"WebSite\",\"@id\":\"http:\/\/fliesen-lehmann.com\/#website\",\"url\":\"http:\/\/fliesen-lehmann.com\/\",\"name\":\"Fliesen Lehmann - Fliesenlegermeisterbetrieb - Seekirch\",\"description\":\"Fliesen Lehmann - Fliesenlegermeisterbetrieb- Seekirch\",\"potentialAction\":[{\"@type\":\"SearchAction\",\"target\":{\"@type\":\"EntryPoint\",\"urlTemplate\":\"http:\/\/fliesen-lehmann.com\/?s={search_term_string}\"},\"query-input\":\"required name=search_term_string\"}],\"inLanguage\":\"de\"},{\"@type\":\"WebPage\",\"@id\":\"http:\/\/fliesen-lehmann.com\/#webpage\",\"url\":\"http:\/\/fliesen-lehmann.com\/\",\"name\":\"Home - Fliesen Lehmann - Fliesenlegermeisterbetrieb - Seekirch Fliesen Lehmann - Fliesenlegermeisterbetrieb- Seekirch Fliesen Lehmann - Fliesenlegermeisterbetrieb - Seekirch\",\"isPartOf\":{\"@id\":\"http:\/\/fliesen-lehmann.com\/#website\"},\"datePublished\":\"2022-03-08T09:12:39+00:00\",\"dateModified\":\"2022-03-22T18:59:50+00:00\",\"description\":\"Fliesen Lehmann Fliesenlegermeisterbetrieb, Federsee, Seekirch, Fliesenfachmann, Fliesenlegenmiester Charly Lehmann, Badsanierung, Renvovierung, Sebastian-Sailer-Str. 6 88422 Seekirch Tel: 07582\/9330550 Fax: 07582\/9330551 Mobil: +49 (0)172 704 9544 eMail: Fliesenlehmann99@gmx.de\",\"breadcrumb\":{\"@id\":\"http:\/\/fliesen-lehmann.com\/#breadcrumb\"},\"inLanguage\":\"de\",\"potentialAction\":[{\"@type\":\"ReadAction\",\"target\":[\"http:\/\/fliesen-lehmann.com\/\"]}]},{\"@type\":\"BreadcrumbList\",\"@id\":\"http:\/\/fliesen-lehmann.com\/#breadcrumb\",\"itemListElement\":[{\"@type\":\"ListItem\",\"position\":1,\"name\":\"Startseite\",\"item\":\"http:\/\/fliesen-lehmann.com\/\"},{\"@type\":\"ListItem\",\"position\":2,\"name\":\"Home\"}]}]}<\/script>\n<!-- \/ Yoast SEO plugin. -->","yoast_head_json":{"title":"Home - Fliesen Lehmann - Fliesenlegermeisterbetrieb - Seekirch Fliesen Lehmann - Fliesenlegermeisterbetrieb- Seekirch Fliesen Lehmann - Fliesenlegermeisterbetrieb - Seekirch","description":"Fliesen Lehmann Fliesenlegermeisterbetrieb, Federsee, Seekirch, Fliesenfachmann, Fliesenlegenmiester Charly Lehmann, Badsanierung, Renvovierung, Sebastian-Sailer-Str. 6 88422 Seekirch Tel: 07582\/9330550 Fax: 07582\/9330551 Mobil: +49 (0)172 704 9544 eMail: Fliesenlehmann99@gmx.de","robots":{"index":"index","follow":"follow","max-snippet":"max-snippet:-1","max-image-preview":"max-image-preview:large","max-video-preview":"max-video-preview:-1"},"canonical":"http:\/\/fliesen-lehmann.com\/","og_locale":"de_DE","og_type":"article","og_title":"Home - Fliesen Lehmann - Fliesenlegermeisterbetrieb - Seekirch Fliesen Lehmann - Fliesenlegermeisterbetrieb- Seekirch Fliesen Lehmann - Fliesenlegermeisterbetrieb - Seekirch","og_description":"Fliesen Lehmann Fliesenlegermeisterbetrieb, Federsee, Seekirch, Fliesenfachmann, Fliesenlegenmiester Charly Lehmann, Badsanierung, Renvovierung, Sebastian-Sailer-Str. 6 88422 Seekirch Tel: 07582\/9330550 Fax: 07582\/9330551 Mobil: +49 (0)172 704 9544 eMail: Fliesenlehmann99@gmx.de","og_url":"http:\/\/fliesen-lehmann.com\/","og_site_name":"Fliesen Lehmann - Fliesenlegermeisterbetrieb - Seekirch","article_modified_time":"2022-03-22T18:59:50+00:00","twitter_card":"summary_large_image","twitter_misc":{"Gesch\u00e4tzte Lesezeit":"2\u00a0Minuten"},"schema":{"@context":"https:\/\/schema.org","@graph":[{"@type":"WebSite","@id":"http:\/\/fliesen-lehmann.com\/#website","url":"http:\/\/fliesen-lehmann.com\/","name":"Fliesen Lehmann - Fliesenlegermeisterbetrieb - Seekirch","description":"Fliesen Lehmann - Fliesenlegermeisterbetrieb- Seekirch","potentialAction":[{"@type":"SearchAction","target":{"@type":"EntryPoint","urlTemplate":"http:\/\/fliesen-lehmann.com\/?s={search_term_string}"},"query-input":"required name=search_term_string"}],"inLanguage":"de"},{"@type":"WebPage","@id":"http:\/\/fliesen-lehmann.com\/#webpage","url":"http:\/\/fliesen-lehmann.com\/","name":"Home - Fliesen Lehmann - Fliesenlegermeisterbetrieb - Seekirch Fliesen Lehmann - Fliesenlegermeisterbetrieb- Seekirch Fliesen Lehmann - Fliesenlegermeisterbetrieb - Seekirch","isPartOf":{"@id":"http:\/\/fliesen-lehmann.com\/#website"},"datePublished":"2022-03-08T09:12:39+00:00","dateModified":"2022-03-22T18:59:50+00:00","description":"Fliesen Lehmann Fliesenlegermeisterbetrieb, Federsee, Seekirch, Fliesenfachmann, Fliesenlegenmiester Charly Lehmann, Badsanierung, Renvovierung, Sebastian-Sailer-Str. 6 88422 Seekirch Tel: 07582\/9330550 Fax: 07582\/9330551 Mobil: +49 (0)172 704 9544 eMail: Fliesenlehmann99@gmx.de","breadcrumb":{"@id":"http:\/\/fliesen-lehmann.com\/#breadcrumb"},"inLanguage":"de","potentialAction":[{"@type":"ReadAction","target":["http:\/\/fliesen-lehmann.com\/"]}]},{"@type":"BreadcrumbList","@id":"http:\/\/fliesen-lehmann.com\/#breadcrumb","itemListElement":[{"@type":"ListItem","position":1,"name":"Startseite","item":"http:\/\/fliesen-lehmann.com\/"},{"@type":"ListItem","position":2,"name":"Home"}]}]}},"_links":{"self":[{"href":"http:\/\/fliesen-lehmann.com\/index.php?rest_route=\/wp\/v2\/pages\/378"}],"collection":[{"href":"http:\/\/fliesen-lehmann.com\/index.php?rest_route=\/wp\/v2\/pages"}],"about":[{"href":"http:\/\/fliesen-lehmann.com\/index.php?rest_route=\/wp\/v2\/types\/page"}],"author":[{"embeddable":true,"href":"http:\/\/fliesen-lehmann.com\/index.php?rest_route=\/wp\/v2\/users\/1"}],"replies":[{"embeddable":true,"href":"http:\/\/fliesen-lehmann.com\/index.php?rest_route=%2Fwp%2Fv2%2Fcomments&post=378"}],"version-history":[{"count":40,"href":"http:\/\/fliesen-lehmann.com\/index.php?rest_route=\/wp\/v2\/pages\/378\/revisions"}],"predecessor-version":[{"id":499,"href":"http:\/\/fliesen-lehmann.com\/index.php?rest_route=\/wp\/v2\/pages\/378\/revisions\/499"}],"wp:attachment":[{"href":"http:\/\/fliesen-lehmann.com\/index.php?rest_route=%2Fwp%2Fv2%2Fmedia&parent=378"}],"curies":[{"name":"wp","href":"https:\/\/api.w.org\/{rel}","templated":true}]}}